{"id":6673,"date":"2021-09-12T08:58:36","date_gmt":"2021-09-12T08:58:36","guid":{"rendered":"https:\/\/aiedbz.it\/contatti\/"},"modified":"2022-04-30T11:28:28","modified_gmt":"2022-04-30T11:28:28","slug":"kontakt","status":"publish","type":"page","link":"https:\/\/aiedbz.it\/de\/kontakt\/","title":{"rendered":"Kontakt"},"content":{"rendered":"[vc_row type=&#8220;in_container&#8220; full_screen_row_position=&#8220;middle&#8220; column_margin=&#8220;default&#8220; equal_height=&#8220;yes&#8220; content_placement=&#8220;middle&#8220; column_direction=&#8220;default&#8220; column_direction_tablet=&#8220;default&#8220; column_direction_phone=&#8220;default&#8220; scene_position=&#8220;center&#8220; top_padding=&#8220;12%&#8220; bottom_padding=&#8220;7%&#8220; text_color=&#8220;dark&#8220; text_align=&#8220;left&#8220; row_border_radius=&#8220;none&#8220; row_border_radius_applies=&#8220;bg&#8220; overflow=&#8220;visible&#8220; overlay_strength=&#8220;0.3&#8243; gradient_direction=&#8220;left_to_right&#8220; shape_divider_position=&#8220;bottom&#8220; bg_image_animation=&#8220;none&#8220; shape_type=&#8220;&#8220;][vc_column column_padding=&#8220;no-extra-padding&#8220; column_padding_tablet=&#8220;inherit&#8220; column_padding_phone=&#8220;inherit&#8220; column_padding_position=&#8220;all&#8220; column_element_spacing=&#8220;default&#8220; background_color_opacity=&#8220;1&#8243; background_hover_color_opacity=&#8220;1&#8243; column_shadow=&#8220;none&#8220; column_border_radius=&#8220;none&#8220; column_link_target=&#8220;_self&#8220; column_position=&#8220;default&#8220; gradient_direction=&#8220;left_to_right&#8220; overlay_strength=&#8220;0.3&#8243; width=&#8220;1\/4&#8243; tablet_width_inherit=&#8220;default&#8220; tablet_text_alignment=&#8220;default&#8220; phone_text_alignment=&#8220;default&#8220; animation_type=&#8220;default&#8220; bg_image_animation=&#8220;none&#8220; border_type=&#8220;simple&#8220; column_border_width=&#8220;none&#8220; column_border_style=&#8220;solid&#8220;][split_line_heading animation_type=&#8220;default&#8220;]\n<h1><span style=\"color: #c30b7c;\">Kontakt<\/span><\/h1>\n[\/split_line_heading][vc_column_text]<strong>Familienberatungsstelle AIED<\/strong><br \/>\nSektion Andreina Emeri<br \/>\nItalienallee, 13M<br \/>\n39100 Bozen<\/p>\n<p><strong>Tel<\/strong>. 0471 979399<br \/>\nMorgens von 9 bis 12 Uhr und Dienstag und Mittwoch von 15 bis 18 Uhr<\/p>\n<p><strong>Email<\/strong>:<br \/>\n<a href=\"mailto:info@aiedbz.it\" target=\"_blank\" rel=\"noopener noreferrer\">info@aiedbz.it<\/a><br \/>\n<a href=\"mailto:curriculum@aiedbz.it\" target=\"_blank\" rel=\"noopener noreferrer\">curriculum@aiedbz.it<\/a><br \/>\n<a href=\"mailto:consultorioaiedbz@pec.it\" target=\"_blank\" rel=\"noopener noreferrer\">consultorioaiedbz@pec.it<\/a><\/p>\n<p>Der Datenverantwortliche hat einen Datenschutzbeauftragten (DSB) ernannt, der unter der E-Mail-Adresse aiedbz@dpo.bz.it erreichbar ist\u00a0<a href=\"mailto:aiedbz@dpo.bz.it\">aiedbz@dpo.bz.it<\/a>[\/vc_column_text][\/vc_column][vc_column column_padding=&#8220;no-extra-padding&#8220; column_padding_tablet=&#8220;inherit&#8220; column_padding_phone=&#8220;inherit&#8220; column_padding_position=&#8220;all&#8220; column_element_spacing=&#8220;default&#8220; background_color_opacity=&#8220;1&#8243; background_hover_color_opacity=&#8220;1&#8243; column_shadow=&#8220;none&#8220; column_border_radius=&#8220;none&#8220; column_link_target=&#8220;_self&#8220; column_position=&#8220;default&#8220; gradient_direction=&#8220;left_to_right&#8220; overlay_strength=&#8220;0.3&#8243; width=&#8220;3\/4&#8243; tablet_width_inherit=&#8220;default&#8220; tablet_text_alignment=&#8220;default&#8220; phone_text_alignment=&#8220;default&#8220; animation_type=&#8220;default&#8220; bg_image_animation=&#8220;none&#8220; border_type=&#8220;simple&#8220; column_border_width=&#8220;none&#8220; column_border_style=&#8220;solid&#8220;][nectar_gmap map_type=&#8220;leaflet&#8220; zoom=&#8220;19&#8243; marker_style=&#8220;nectar&#8220; color=&#8220;accent-color&#8220; leaflet_map_greyscale=&#8220;1&#8243; size=&#8220;700&#8243; map_center_lat=&#8220;46.4997133&#8243; map_center_lng=&#8220;11.3400143&#8243; map_markers=&#8220;46.4996927|11.339863|Corso Italia, 13 m, 39100 Bolzano BZ&#8220;][\/vc_column][\/vc_row][vc_row type=&#8220;in_container&#8220; full_screen_row_position=&#8220;middle&#8220; column_margin=&#8220;default&#8220; column_direction=&#8220;default&#8220; column_direction_tablet=&#8220;default&#8220; column_direction_phone=&#8220;default&#8220; scene_position=&#8220;center&#8220; bottom_padding=&#8220;10%&#8220; text_color=&#8220;dark&#8220; text_align=&#8220;left&#8220; row_border_radius=&#8220;none&#8220; row_border_radius_applies=&#8220;bg&#8220; overflow=&#8220;visible&#8220; overlay_strength=&#8220;0.3&#8243; gradient_direction=&#8220;left_to_right&#8220; shape_divider_position=&#8220;bottom&#8220; bg_image_animation=&#8220;none&#8220; shape_type=&#8220;&#8220;][vc_column column_padding=&#8220;padding-6-percent&#8220; column_padding_tablet=&#8220;inherit&#8220; column_padding_phone=&#8220;inherit&#8220; column_padding_position=&#8220;all&#8220; bottom_margin=&#8220;-10%&#8220; column_element_spacing=&#8220;default&#8220; background_color=&#8220;#ffffff&#8220; background_color_opacity=&#8220;1&#8243; background_hover_color_opacity=&#8220;1&#8243; column_shadow=&#8220;medium_depth&#8220; column_border_radius=&#8220;none&#8220; column_link_target=&#8220;_self&#8220; column_position=&#8220;default&#8220; gradient_direction=&#8220;left_to_right&#8220; overlay_strength=&#8220;0.3&#8243; width=&#8220;1\/1&#8243; tablet_width_inherit=&#8220;default&#8220; tablet_text_alignment=&#8220;default&#8220; phone_text_alignment=&#8220;default&#8220; animation_type=&#8220;default&#8220; enable_animation=&#8220;true&#8220; animation=&#8220;fade-in&#8220; bg_image_animation=&#8220;none&#8220; border_type=&#8220;simple&#8220; column_border_width=&#8220;none&#8220; column_border_style=&#8220;solid&#8220;]\n<div class=\"wpcf7 no-js\" id=\"wpcf7-f6706-o1\" lang=\"it-IT\" dir=\"ltr\" data-wpcf7-id=\"6706\">\n<div class=\"screen-reader-response\"><p role=\"status\" aria-live=\"polite\" aria-atomic=\"true\"><\/p> <ul><\/ul><\/div>\n<form action=\"\/de\/wp-json\/wp\/v2\/pages\/6673#wpcf7-f6706-o1\" method=\"post\" class=\"wpcf7-form init\" aria-label=\"Modulo di contatto\" novalidate=\"novalidate\" data-status=\"init\">\n<fieldset class=\"hidden-fields-container\"><input type=\"hidden\" name=\"_wpcf7\" value=\"6706\" \/><input type=\"hidden\" name=\"_wpcf7_version\" value=\"6.1.5\" \/><input type=\"hidden\" name=\"_wpcf7_locale\" value=\"it_IT\" \/><input type=\"hidden\" name=\"_wpcf7_unit_tag\" value=\"wpcf7-f6706-o1\" \/><input type=\"hidden\" name=\"_wpcf7_container_post\" value=\"0\" \/><input type=\"hidden\" name=\"_wpcf7_posted_data_hash\" value=\"\" \/>\n<\/fieldset>\n<p><label> Name (Pflichtfeld)<br \/>\n<span class=\"wpcf7-form-control-wrap\" data-name=\"your-name\"><input size=\"40\" maxlength=\"400\" class=\"wpcf7-form-control wpcf7-text wpcf7-validates-as-required\" aria-required=\"true\" aria-invalid=\"false\" value=\"\" type=\"text\" name=\"your-name\" \/><\/span> <\/label>\n<\/p>\n<p><label> E-Mail-Adresse (Pflichtfeld)<br \/>\n<span class=\"wpcf7-form-control-wrap\" data-name=\"your-email\"><input size=\"40\" maxlength=\"400\" class=\"wpcf7-form-control wpcf7-email wpcf7-validates-as-required wpcf7-text wpcf7-validates-as-email\" aria-required=\"true\" aria-invalid=\"false\" value=\"\" type=\"email\" name=\"your-email\" \/><\/span> <\/label>\n<\/p>\n<p><label> Betreff<br \/>\n<span class=\"wpcf7-form-control-wrap\" data-name=\"your-subject\"><input size=\"40\" maxlength=\"400\" class=\"wpcf7-form-control wpcf7-text\" aria-invalid=\"false\" value=\"\" type=\"text\" name=\"your-subject\" \/><\/span> <\/label>\n<\/p>\n<p><label> Nachricht<br \/>\n<span class=\"wpcf7-form-control-wrap\" data-name=\"your-message\"><textarea cols=\"40\" rows=\"10\" maxlength=\"2000\" class=\"wpcf7-form-control wpcf7-textarea\" aria-invalid=\"false\" name=\"your-message\"><\/textarea><\/span> <\/label>\n<\/p>\n<p><input class=\"wpcf7-form-control wpcf7-submit has-spinner\" type=\"submit\" value=\"Senden\" \/>\n<\/p><div class=\"wpcf7-response-output\" aria-hidden=\"true\"><\/div>\n<\/form>\n<\/div>\n[toggles style=&#8220;minimal&#8220; accordion=&#8220;true&#8220; accordion_starting_functionality=&#8220;closed&#8220;][toggle color=&#8220;Default&#8220; heading_tag=&#8220;default&#8220; title=&#8220;Informationsschreiben zur Verarbeitung personenbezogener Daten&#8220;][vc_column_text]\n<table width=\"\">\n<tbody>\n<tr>\n<td colspan=\"2\" width=\"\"><strong>Informationsschreiben zur Verarbeitung personenbezogener Daten &#8211; <\/strong><b>Kontaktformular<\/b><\/td>\n<\/tr>\n<tr>\n<td colspan=\"2\" width=\"\">gem\u00e4\u00df den Rechtsvorschriften zum Schutz der personenbezogenen Daten Art. 13 der EU-Verordnung 2016\/679, auch bekannt als DSGVO<\/td>\n<\/tr>\n<tr>\n<td width=\"\">Verantwortlicher f\u00fcr die Datenverarbeitung<\/td>\n<td width=\"\">Die mit vorliegendem Formular \u00fcbermittelten personenbezogenen Daten werden von AIED Bozen A.P.S. Sektion Andreina Emeri, nachfolgend bezeichnet als AIED, dem Verantwortlichen f\u00fcr die Datenverarbeitung, mit Sitz in der Italienallee 13\/m Bozen, Tel. 0471 979399, info@aiedbz.it consultorioaiedbz@pec.it verarbeitet.<\/td>\n<\/tr>\n<tr>\n<td width=\"\">Datenschutzbeauftragter (DSB)<\/td>\n<td width=\"\">Der Datenschutzbeauftragte (DSB) \u00fcberwacht die Einhaltung der Rechtsvorschriften zum Schutz der personenbezogenen Daten, kooperiert mit der Datenschutzbeh\u00f6rde und kann von jeder betroffenen Person im Zusammenhang mit der Datenverarbeitung durch den Verantwortlichen f\u00fcr die Datenverarbeitung oder im Zusammenhang mit seinen\/ihren Rechten kontaktiert werden. AIED hat den DSB bestellt, der unter aiedbz@dpo.bz.it kontaktiert werden kann.<\/td>\n<\/tr>\n<tr>\n<td width=\"\">Zwecke und Rechtsgrundlage der Verarbeitung<\/td>\n<td width=\"\">Die von Ihnen im Formular freiwillig angegebenen personenbezogenen Daten werden zur Bearbeitung Ihrer Anfrage nach unseren Leistungen verarbeitet.<\/td>\n<\/tr>\n<tr>\n<td width=\"\">Weitergabe der Daten<\/td>\n<td width=\"\">Die Daten sind ausschlie\u00dflich befugtem Personal zug\u00e4nglich.<\/td>\n<\/tr>\n<tr>\n<td width=\"\">\u00dcbertragung in Nicht-EU-L\u00e4nder<\/td>\n<td width=\"\">Die Datenverarbeitung erfolgt in der EU.<\/td>\n<\/tr>\n<tr>\n<td width=\"\">Aufbewahrungszeitraum der Daten<\/td>\n<td width=\"\">Die Daten werden f\u00fcr den Zeitraum aufbewahrt, der zur vollst\u00e4ndigen Bearbeitung Ihrer Anfrage erforderlich ist, und werden anschlie\u00dfend gel\u00f6scht.<\/td>\n<\/tr>\n<tr>\n<td width=\"\">Ihre Rechte<\/td>\n<td width=\"\">Vorbehaltlich der gesetzlich vorgesehenen Beschr\u00e4nkungen k\u00f6nnen Sie folgende Rechte aus\u00fcben:<br \/>\n\u2022 Auskunftsrecht, ob die Sie betreffenden personenbezogenen Daten verarbeitet werden;<br \/>\n\u2022 Recht auf Erhalt einer Kopie der personenbezogenen Daten, die Sie uns \u00fcbermittelt haben;<br \/>\n\u2022 Recht auf die Berichtigung der Daten, \u00fcber die wir verf\u00fcgen;<br \/>\n\u2022 Recht auf L\u00f6schung Ihrer Daten, f\u00fcr deren Verarbeitung wir keine rechtliche Grundvoraussetzung mehr h\u00e4tten;<br \/>\n\u2022 Recht auf Einschr\u00e4nkung der Verarbeitung bei Feststellung eines Widerspruchs;<br \/>\n\u2022 Recht auf \u00dcbertragbarkeit der von Ihnen angegebenen Daten in einem strukturierten, g\u00e4ngigen und maschinenlesbaren Format, samt dem Recht, diese Daten einem anderen Verantwortlichen ohne Behinderung zu \u00fcbermitteln.<\/td>\n<\/tr>\n<tr>\n<td width=\"\">Aus\u00fcbungsweise Ihrer Rechte<\/td>\n<td width=\"\">Zur Aus\u00fcbung der obigen Rechte kann eine Anfrage an die E-Mail-Adresse des Verantwortlichen info@aiedbz.it \u00fcbermittelt werden oder der DSB unter aiedbz@dpo.bz.it kontaktiert werden. Der Verantwortliche oder der DSB kann die Rechtm\u00e4\u00dfigkeit Ihrer Anfrage nach \u00dcberpr\u00fcfung Ihrer Identit\u00e4t beurteilen. Um Ihnen eine umfassende Antwort geben zu k\u00f6nnen, geben Sie bitte die Art der Verarbeitung an, f\u00fcr welche Sie das Recht aus\u00fcben m\u00f6chten, und welches der angef\u00fchrten Rechte Sie aus\u00fcben m\u00f6chten.Die Aus\u00fcbung der genannten Rechte unterliegt den Beschr\u00e4nkungen durch die DSGVO. Der Verantwortliche wird die betroffene Person unverz\u00fcglich, sp\u00e4testens jedoch innerhalb von 30 Tagen nach Eingang der Anfrage, \u00fcber die getroffenen Ma\u00dfnahmen unterrichten. Diese Frist kann je nach Komplexit\u00e4t gegebenenfalls um weitere 60 Tage verl\u00e4ngert werden. Der Verantwortliche wird die betroffene Person innerhalb von 30 Tagen nach Erhalt der Anfrage \u00fcber die Verl\u00e4ngerung und die jeweiligen Gr\u00fcnde in Kenntnis setzen.<\/td>\n<\/tr>\n<tr>\n<td width=\"\">Widerspruchsrecht<\/td>\n<td width=\"\">Sollten Sie der Auffassung sein, dass die Verarbeitung gegen die Rechtsvorschriften verst\u00f6\u00dft, k\u00f6nnen Sie Widerspruch bei der Datenschutzbeh\u00f6rde einreichen.<\/td>\n<\/tr>\n<\/tbody>\n<\/table>\n[\/vc_column_text][\/toggle][\/toggles][\/vc_column][\/vc_row]\n","protected":false},"excerpt":{"rendered":"<p>[vc_row type=&#8220;in_container&#8220; full_screen_row_position=&#8220;middle&#8220; column_margin=&#8220;default&#8220; equal_height=&#8220;yes&#8220; content_placement=&#8220;middle&#8220; column_direction=&#8220;default&#8220; column_direction_tablet=&#8220;default&#8220; column_direction_phone=&#8220;default&#8220; scene_position=&#8220;center&#8220; top_padding=&#8220;12%&#8220; bottom_padding=&#8220;7%&#8220; text_color=&#8220;dark&#8220; text_align=&#8220;left&#8220; row_border_radius=&#8220;none&#8220; row_border_radius_applies=&#8220;bg&#8220; overflow=&#8220;visible&#8220; overlay_strength=&#8220;0.3&#8243; gradient_direction=&#8220;left_to_right&#8220; shape_divider_position=&#8220;bottom&#8220; bg_image_animation=&#8220;none&#8220; shape_type=&#8220;&#8220;][vc_column column_padding=&#8220;no-extra-padding&#8220; column_padding_tablet=&#8220;inherit&#8220; column_padding_phone=&#8220;inherit&#8220; column_padding_position=&#8220;all&#8220; column_element_spacing=&#8220;default&#8220; background_color_opacity=&#8220;1&#8243; background_hover_color_opacity=&#8220;1&#8243; column_shadow=&#8220;none&#8220;&#8230;<\/p>\n","protected":false},"author":1,"featured_media":0,"parent":0,"menu_order":0,"comment_status":"closed","ping_status":"closed","template":"","meta":{"footnotes":""},"class_list":["post-6673","page","type-page","status-publish"],"_links":{"self":[{"href":"https:\/\/aiedbz.it\/de\/wp-json\/wp\/v2\/pages\/6673","targetHints":{"allow":["GET"]}}],"collection":[{"href":"https:\/\/aiedbz.it\/de\/wp-json\/wp\/v2\/pages"}],"about":[{"href":"https:\/\/aiedbz.it\/de\/wp-json\/wp\/v2\/types\/page"}],"author":[{"embeddable":true,"href":"https:\/\/aiedbz.it\/de\/wp-json\/wp\/v2\/users\/1"}],"replies":[{"embeddable":true,"href":"https:\/\/aiedbz.it\/de\/wp-json\/wp\/v2\/comments?post=6673"}],"version-history":[{"count":0,"href":"https:\/\/aiedbz.it\/de\/wp-json\/wp\/v2\/pages\/6673\/revisions"}],"wp:attachment":[{"href":"https:\/\/aiedbz.it\/de\/wp-json\/wp\/v2\/media?parent=6673"}],"curies":[{"name":"wp","href":"https:\/\/api.w.org\/{rel}","templated":true}]}}