{"id":6675,"date":"2022-01-02T16:15:16","date_gmt":"2022-01-02T16:15:16","guid":{"rendered":"https:\/\/aiedbz.it\/cookie-policy\/"},"modified":"2022-01-30T14:22:06","modified_gmt":"2022-01-30T14:22:06","slug":"cookie-policy","status":"publish","type":"page","link":"https:\/\/aiedbz.it\/de\/cookie-policy\/","title":{"rendered":"Cookie Policy"},"content":{"rendered":"[vc_row type=&#8220;in_container&#8220; full_screen_row_position=&#8220;middle&#8220; column_margin=&#8220;default&#8220; column_direction=&#8220;default&#8220; column_direction_tablet=&#8220;default&#8220; column_direction_phone=&#8220;default&#8220; scene_position=&#8220;center&#8220; top_padding=&#8220;5%&#8220; text_color=&#8220;dark&#8220; text_align=&#8220;left&#8220; row_border_radius=&#8220;none&#8220; row_border_radius_applies=&#8220;bg&#8220; overflow=&#8220;visible&#8220; advanced_gradient_angle=&#8220;0&#8243; overlay_strength=&#8220;0.3&#8243; gradient_direction=&#8220;left_to_right&#8220; shape_divider_position=&#8220;bottom&#8220; bg_image_animation=&#8220;none&#8220; gradient_type=&#8220;default&#8220; shape_type=&#8220;&#8220;][vc_column column_padding=&#8220;no-extra-padding&#8220; column_padding_tablet=&#8220;inherit&#8220; column_padding_phone=&#8220;inherit&#8220; column_padding_position=&#8220;all&#8220; column_element_spacing=&#8220;default&#8220; background_color_opacity=&#8220;1&#8243; background_hover_color_opacity=&#8220;1&#8243; column_shadow=&#8220;none&#8220; column_border_radius=&#8220;none&#8220; column_link_target=&#8220;_self&#8220; column_position=&#8220;default&#8220; gradient_direction=&#8220;left_to_right&#8220; overlay_strength=&#8220;0.3&#8243; width=&#8220;1\/1&#8243; tablet_width_inherit=&#8220;default&#8220; tablet_text_alignment=&#8220;default&#8220; phone_text_alignment=&#8220;default&#8220; animation_type=&#8220;default&#8220; bg_image_animation=&#8220;none&#8220; border_type=&#8220;simple&#8220; column_border_width=&#8220;none&#8220; column_border_style=&#8220;solid&#8220;][vc_column_text]Consultorio Familiare AIED, Sezione Andreina Emeri, mit Sitz in Italienallee 13 M \u2013 Bozen, informiert als Tr\u00e4gerin der Datenverarbeitung die Nutzer der Internetseite www.aiedbz.it und der Unterdomains \u00fcber die Art der verwendeten Cookies und \u00fcber die Zwecke, die mit den eingeholten Informationen verfolgt werden, und liefert Anleitungen f\u00fcr die allf\u00e4llige R\u00fcckg\u00e4ngigmachung der Auswahl der einzelnen Cookies.<\/p>\n<p>Consultorio Familiare AIED verwendet ausschlie\u00dflich technische Cookies, um dem Nutzer das richtige und sichere Surfen auf der Internetseite zu erm\u00f6glichen. Es sind keine Cookies installiert, die f\u00fcr die Vertraulichkeit des Internetsurfens der Nutzer potentiell nachteilig sind, und die Einholung von personenbezogenen Identifikationsdaten des Nutzers ist nicht m\u00f6glich. Im Folgenden die spezifischen installierten Cookie-Kategorien:<\/p>\n<p>TECHNISCHE COOKIES:<br \/>\n<em>ZWECK<\/em>: einwandfreies Funktionieren und sicheres und effizientes Surfen auf der Internetseite.<br \/>\n<em>DAUER:<\/em>\u00a0Frist der Session.<br \/>\n<em>URSPRUNG: e<\/em>rste Partei.<\/p>\n<p>EINHOLUNG DER ZUSTIMMUNG:<br \/>\nLaut geltenden Vorschriften ist keine Zustimmung des Nutzers f\u00fcr die Verwendung technischer Cookies erforderlich, da es sich um Cookies handelt, die f\u00fcr das Funktionieren der Internetseite unentbehrlich sind oder die notwendig sind, um die vom Nutzer selbst beantragten T\u00e4tigkeiten auszuf\u00fchren. Zu den technischen Cookies, welche keiner ausdr\u00fccklichen Zustimmung f\u00fcr ihre Verwendung bed\u00fcrfen, z\u00e4hlt der Garant f\u00fcr den Schutz personenbezogener Daten (vgl. Ma\u00dfnahme vom 8.5.2014) auch die Internetsurf- oder die Sessionscookies (die f\u00fcr die eigene Beglaubigung oder f\u00fcr die Vervollst\u00e4ndigung eines Ankaufs erforderlich sind) und die Cookie Analytics, falls sie direkt vom Internetseitenbetreiber dazu verwendet werden, in zusammengefasster Form Informationen \u00fcber die Anzahl der Nutzer und \u00fcber die Art und Weise zu sammeln, wie diese die Internetseite besuchen.[\/vc_column_text][\/vc_column][\/vc_row]\n","protected":false},"excerpt":{"rendered":"<p>[vc_row type=&#8220;in_container&#8220; full_screen_row_position=&#8220;middle&#8220; column_margin=&#8220;default&#8220; column_direction=&#8220;default&#8220; column_direction_tablet=&#8220;default&#8220; column_direction_phone=&#8220;default&#8220; scene_position=&#8220;center&#8220; top_padding=&#8220;5%&#8220; text_color=&#8220;dark&#8220; text_align=&#8220;left&#8220; row_border_radius=&#8220;none&#8220; row_border_radius_applies=&#8220;bg&#8220; overflow=&#8220;visible&#8220; advanced_gradient_angle=&#8220;0&#8243; overlay_strength=&#8220;0.3&#8243; gradient_direction=&#8220;left_to_right&#8220; shape_divider_position=&#8220;bottom&#8220; bg_image_animation=&#8220;none&#8220; gradient_type=&#8220;default&#8220; shape_type=&#8220;&#8220;][vc_column column_padding=&#8220;no-extra-padding&#8220; column_padding_tablet=&#8220;inherit&#8220; column_padding_phone=&#8220;inherit&#8220; column_padding_position=&#8220;all&#8220; column_element_spacing=&#8220;default&#8220; background_color_opacity=&#8220;1&#8243; background_hover_color_opacity=&#8220;1&#8243; column_shadow=&#8220;none&#8220; column_border_radius=&#8220;none&#8220;&#8230;<\/p>\n","protected":false},"author":1,"featured_media":0,"parent":0,"menu_order":0,"comment_status":"closed","ping_status":"closed","template":"","meta":{"footnotes":""},"class_list":["post-6675","page","type-page","status-publish"],"_links":{"self":[{"href":"https:\/\/aiedbz.it\/de\/wp-json\/wp\/v2\/pages\/6675","targetHints":{"allow":["GET"]}}],"collection":[{"href":"https:\/\/aiedbz.it\/de\/wp-json\/wp\/v2\/pages"}],"about":[{"href":"https:\/\/aiedbz.it\/de\/wp-json\/wp\/v2\/types\/page"}],"author":[{"embeddable":true,"href":"https:\/\/aiedbz.it\/de\/wp-json\/wp\/v2\/users\/1"}],"replies":[{"embeddable":true,"href":"https:\/\/aiedbz.it\/de\/wp-json\/wp\/v2\/comments?post=6675"}],"version-history":[{"count":0,"href":"https:\/\/aiedbz.it\/de\/wp-json\/wp\/v2\/pages\/6675\/revisions"}],"wp:attachment":[{"href":"https:\/\/aiedbz.it\/de\/wp-json\/wp\/v2\/media?parent=6675"}],"curies":[{"name":"wp","href":"https:\/\/api.w.org\/{rel}","templated":true}]}}