{"id":6685,"date":"2022-01-02T16:16:53","date_gmt":"2022-01-02T16:16:53","guid":{"rendered":"https:\/\/aiedbz.it\/informativa-fornitori\/"},"modified":"2022-01-30T14:06:52","modified_gmt":"2022-01-30T14:06:52","slug":"informationsschreiben-zur-verarbeitung-personenbezogener-daten-lieferant","status":"publish","type":"page","link":"https:\/\/aiedbz.it\/de\/informationsschreiben-zur-verarbeitung-personenbezogener-daten-lieferant\/","title":{"rendered":"Informationsschreiben zur Verarbeitung personenbezogener Daten &#8211; Lieferant"},"content":{"rendered":"[vc_row type=&#8220;in_container&#8220; full_screen_row_position=&#8220;middle&#8220; column_margin=&#8220;default&#8220; column_direction=&#8220;default&#8220; column_direction_tablet=&#8220;default&#8220; column_direction_phone=&#8220;default&#8220; scene_position=&#8220;center&#8220; top_padding=&#8220;5%&#8220; text_color=&#8220;dark&#8220; text_align=&#8220;left&#8220; row_border_radius=&#8220;none&#8220; row_border_radius_applies=&#8220;bg&#8220; overflow=&#8220;visible&#8220; advanced_gradient_angle=&#8220;0&#8243; overlay_strength=&#8220;0.3&#8243; gradient_direction=&#8220;left_to_right&#8220; shape_divider_position=&#8220;bottom&#8220; bg_image_animation=&#8220;none&#8220; gradient_type=&#8220;default&#8220; shape_type=&#8220;&#8220;][vc_column column_padding=&#8220;no-extra-padding&#8220; column_padding_tablet=&#8220;inherit&#8220; column_padding_phone=&#8220;inherit&#8220; column_padding_position=&#8220;all&#8220; column_element_spacing=&#8220;default&#8220; background_color_opacity=&#8220;1&#8243; background_hover_color_opacity=&#8220;1&#8243; column_shadow=&#8220;none&#8220; column_border_radius=&#8220;none&#8220; column_link_target=&#8220;_self&#8220; column_position=&#8220;default&#8220; gradient_direction=&#8220;left_to_right&#8220; overlay_strength=&#8220;0.3&#8243; width=&#8220;1\/1&#8243; tablet_width_inherit=&#8220;default&#8220; tablet_text_alignment=&#8220;default&#8220; phone_text_alignment=&#8220;default&#8220; animation_type=&#8220;default&#8220; bg_image_animation=&#8220;none&#8220; border_type=&#8220;simple&#8220; column_border_width=&#8220;none&#8220; column_border_style=&#8220;solid&#8220;][vc_column_text]\n<table style=\"height: 1574px;\" width=\"1096\">\n<tbody>\n<tr>\n<td colspan=\"2\" width=\"635\"><span style=\"font-weight: 400;\">Informationsschreiben zur Verarbeitung personenbezogener Daten &#8211; <\/span>Lieferant<\/td>\n<\/tr>\n<tr>\n<td colspan=\"2\" width=\"635\">gem\u00e4\u00df den Rechtsvorschriften zum Schutz der personenbezogenen Daten Art. 13 der EU-Verordnung 2016\/679, auch bekannt als DSGVO.<\/td>\n<\/tr>\n<tr>\n<td width=\"210\">Verantwortlicher f\u00fcr die Datenverarbeitung<\/td>\n<td width=\"425\">Verantwortlicher f\u00fcr die Datenverarbeitung, d.h. die Stelle, die \u00fcber den Zweck, die Modalit\u00e4ten und Sicherheit der personenbezogenen Daten entscheidet, ist die AIED Bozen A.P.S. Sektion Andreina Emeri, nachfolgend bezeichnet als AIED, Steuernummer 00397080219, Italienallee 13\/m Bozen, 0471 979399, info@aiedbz.it consultorioaiedbz@pec.it<\/td>\n<\/tr>\n<tr>\n<td width=\"210\">Datenschutzbeauftragter (DSB)<\/td>\n<td width=\"425\">Der Datenschutzbeauftragte (DSB) \u00fcberwacht die Einhaltung der Rechtsvorschriften zum Schutz der personenbezogenen Daten, kooperiert mit der Datenschutzbeh\u00f6rde und kann von jeder betroffenen Person im Zusammenhang mit der Datenverarbeitung durch den Verantwortlichen f\u00fcr die Datenverarbeitung oder im Zusammenhang mit seinen\/ihren Rechten kontaktiert werden. AIED hat den DSB bestellt, der unter aiedbz@dpo.bz.it kontaktiert werden kann.<\/td>\n<\/tr>\n<tr>\n<td width=\"210\">Zwecke der Datenverarbeitung<\/td>\n<td width=\"425\">Der Verantwortliche f\u00fcr die Datenverarbeitung verarbeitet Ihre Daten f\u00fcr Zwecke im Zusammenhang mit der Abwicklung des bestehenden Vertrages sowie zur Erf\u00fcllung verwaltungsrechtlicher\/buchhalterischer und gesetzlicher Auflagen.<\/td>\n<\/tr>\n<tr>\n<td width=\"210\">Personenbezogene Daten, die verarbeitet werden: Identifikationsdaten<\/td>\n<td width=\"425\">Die verarbeiteten personenbezogenen Daten sind grunds\u00e4tzlich auf Kontaktinformationen beschr\u00e4nkt: Name des gesetzlichen Vertreters und des Projektleiters, Telefonnummer, E-Mail und sonstige Kontaktdaten.<\/td>\n<\/tr>\n<tr>\n<td width=\"210\">Rechtsgrundlage<\/td>\n<td width=\"425\">Die Rechtsgrundlage f\u00fcr die Verarbeitung der Daten des gesetzlichen Vertreters des Lieferanten ist die Vertragsdurchf\u00fchrung. Die Rechtsgrundlage f\u00fcr die Verarbeitung der Daten der Angestellten des Lieferanten, die in die T\u00e4tigkeiten im Zusammenhang mit dem Vertrag eingebunden sind, ist das rechtm\u00e4\u00dfige Interesse des Verantwortlichen. Die Rechtsgrundlage f\u00fcr die Verarbeitung der Daten zur Erf\u00fcllung verwaltungsrechtlicher\/buchhalterischer Auflagen durch den Verantwortlichen ist die erforderliche Erf\u00fcllung einer gesetzlichen Pflicht, welcher der Verantwortliche unterliegt.<\/td>\n<\/tr>\n<tr>\n<td width=\"210\">Offenlegungsweise der Daten<\/td>\n<td width=\"425\">Die Offenlegung der Daten ist f\u00fcr die Erf\u00fcllung der obenstehenden Zwecke erforderlich, weshalb deren mangelnde, teilweise oder unzutreffende Offenlegung dazu f\u00fchrt, dass der Verantwortliche objektiv nicht in der Lage ist, das Vertragsverh\u00e4ltnis ordnungsgem\u00e4\u00df abzuwickeln.<\/td>\n<\/tr>\n<tr>\n<td width=\"210\">Empf\u00e4nger und Weitergabe der Daten<\/td>\n<td width=\"425\">Ihre Daten werden an externe Unternehmen und Berater weitergegeben, die auf Rechnung des Verantwortlichen bestimmte T\u00e4tigkeiten ausf\u00fchren, die mit oben genannten Zwecken eng verbunden sind. Dazu z\u00e4hlen beispielsweise:<br \/>\n\u2022 Freiberufler, welche buchhalterische\/steuerliche Daten verarbeiten, Aufsichtsorgane<br \/>\n\u2022 Anbieter und Betreiber von Unterst\u00fctzungsdiensten f\u00fcr IT-Systeme<\/td>\n<\/tr>\n<tr>\n<td width=\"210\">\u00dcbertragung in Nicht-EU-L\u00e4nder<\/td>\n<td width=\"425\">Die Datenverarbeitung erfolgt in der EU.<\/td>\n<\/tr>\n<tr>\n<td width=\"210\">Aufbewahrungszeitraum der Daten<\/td>\n<td width=\"425\">Die Daten werden f\u00fcr den Zeitraum verarbeitet, der zur Erf\u00fcllung oben genannter Zwecke erforderlich ist, sowie f\u00fcr 10 Jahren nach Beendigung des Vertragsverh\u00e4ltnisses, vorbehaltlich anderweitiger Verj\u00e4hrungsfristen im Falle von Gerichtsverfahren.<\/td>\n<\/tr>\n<tr>\n<td width=\"210\">Ihre Rechte<\/td>\n<td width=\"425\">Vorbehaltlich der gesetzlich vorgesehenen Beschr\u00e4nkungen k\u00f6nnen Sie folgende Rechte aus\u00fcben:<br \/>\n\u2022 Auskunftsrecht, ob die Sie betreffenden personenbezogenen Daten verarbeitet werden;<br \/>\n\u2022 Recht auf Erhalt einer Kopie der personenbezogenen Daten, die Sie uns \u00fcbermittelt haben;<br \/>\n\u2022 Recht auf die Berichtigung der Daten, \u00fcber die wir verf\u00fcgen;<br \/>\n\u2022 Recht auf L\u00f6schung Ihrer Daten, f\u00fcr deren Verarbeitung wir keine rechtliche Grundvoraussetzung mehr h\u00e4tten;<br \/>\n\u2022 Recht auf Einschr\u00e4nkung der Verarbeitung bei Feststellung eines Widerspruchs;<br \/>\n\u2022 Recht auf \u00dcbertragbarkeit der von Ihnen angegebenen Daten in einem strukturierten, g\u00e4ngigen und maschinenlesbaren Format, samt dem Recht, diese Daten einem anderen Verantwortlichen ohne Behinderung zu \u00fcbermitteln.<\/td>\n<\/tr>\n<tr>\n<td width=\"210\">Aus\u00fcbungsweise Ihrer Rechte<\/td>\n<td width=\"425\">Zur Aus\u00fcbung der obigen Rechte kann eine Anfrage an die E-Mail-Adresse des Verantwortlichen info@aiedbz.it \u00fcbermittelt werden oder der DSB unter aiedbz@dpo.bz.it kontaktiert werden. Der Verantwortliche oder der DSB kann die Rechtm\u00e4\u00dfigkeit Ihrer Anfrage nach \u00dcberpr\u00fcfung Ihrer Identit\u00e4t beurteilen. Um Ihnen eine umfassende Antwort geben zu k\u00f6nnen, geben Sie bitte die Art der Verarbeitung an, f\u00fcr welche Sie das Recht aus\u00fcben m\u00f6chten, und welches der angef\u00fchrten Rechte Sie aus\u00fcben m\u00f6chten. Die Aus\u00fcbung der genannten Rechte unterliegt den Beschr\u00e4nkungen durch die DSGVO. Der Verantwortliche wird die betroffene Person unverz\u00fcglich, sp\u00e4testens jedoch innerhalb von 30 Tagen nach Eingang der Anfrage, \u00fcber die getroffenen Ma\u00dfnahmen unterrichten. Diese Frist kann je nach Komplexit\u00e4t gegebenenfalls um weitere 60 Tage verl\u00e4ngert werden. Der Verantwortliche wird die betroffene Person innerhalb von 30 Tagen nach Erhalt der Anfrage \u00fcber die Verl\u00e4ngerung und die jeweiligen Gr\u00fcnde in Kenntnis setzen.<\/td>\n<\/tr>\n<tr>\n<td width=\"210\">Widerspruchsrecht<\/td>\n<td width=\"425\">Sollten Sie der Auffassung sein, dass die Verarbeitung gegen die Rechtsvorschriften verst\u00f6\u00dft, k\u00f6nnen Sie Widerspruch bei der Datenschutzbeh\u00f6rde einreichen.<\/td>\n<\/tr>\n<\/tbody>\n<\/table>\n[\/vc_column_text][\/vc_column][\/vc_row]\n","protected":false},"excerpt":{"rendered":"<p>[vc_row type=&#8220;in_container&#8220; full_screen_row_position=&#8220;middle&#8220; column_margin=&#8220;default&#8220; column_direction=&#8220;default&#8220; column_direction_tablet=&#8220;default&#8220; column_direction_phone=&#8220;default&#8220; scene_position=&#8220;center&#8220; top_padding=&#8220;5%&#8220; text_color=&#8220;dark&#8220; text_align=&#8220;left&#8220; row_border_radius=&#8220;none&#8220; row_border_radius_applies=&#8220;bg&#8220; overflow=&#8220;visible&#8220; advanced_gradient_angle=&#8220;0&#8243; overlay_strength=&#8220;0.3&#8243; gradient_direction=&#8220;left_to_right&#8220; shape_divider_position=&#8220;bottom&#8220; bg_image_animation=&#8220;none&#8220; gradient_type=&#8220;default&#8220; shape_type=&#8220;&#8220;][vc_column column_padding=&#8220;no-extra-padding&#8220; column_padding_tablet=&#8220;inherit&#8220; column_padding_phone=&#8220;inherit&#8220; column_padding_position=&#8220;all&#8220; column_element_spacing=&#8220;default&#8220; background_color_opacity=&#8220;1&#8243; background_hover_color_opacity=&#8220;1&#8243; column_shadow=&#8220;none&#8220; column_border_radius=&#8220;none&#8220;&#8230;<\/p>\n","protected":false},"author":1,"featured_media":0,"parent":0,"menu_order":0,"comment_status":"closed","ping_status":"closed","template":"","meta":{"footnotes":""},"class_list":["post-6685","page","type-page","status-publish"],"_links":{"self":[{"href":"https:\/\/aiedbz.it\/de\/wp-json\/wp\/v2\/pages\/6685","targetHints":{"allow":["GET"]}}],"collection":[{"href":"https:\/\/aiedbz.it\/de\/wp-json\/wp\/v2\/pages"}],"about":[{"href":"https:\/\/aiedbz.it\/de\/wp-json\/wp\/v2\/types\/page"}],"author":[{"embeddable":true,"href":"https:\/\/aiedbz.it\/de\/wp-json\/wp\/v2\/users\/1"}],"replies":[{"embeddable":true,"href":"https:\/\/aiedbz.it\/de\/wp-json\/wp\/v2\/comments?post=6685"}],"version-history":[{"count":0,"href":"https:\/\/aiedbz.it\/de\/wp-json\/wp\/v2\/pages\/6685\/revisions"}],"wp:attachment":[{"href":"https:\/\/aiedbz.it\/de\/wp-json\/wp\/v2\/media?parent=6685"}],"curies":[{"name":"wp","href":"https:\/\/api.w.org\/{rel}","templated":true}]}}