{"id":6687,"date":"2022-01-02T16:17:22","date_gmt":"2022-01-02T16:17:22","guid":{"rendered":"https:\/\/aiedbz.it\/informativa-per-la-ricezione-del-curriculum\/"},"modified":"2022-01-30T13:59:08","modified_gmt":"2022-01-30T13:59:08","slug":"informationsschreiben-zur-verarbeitung-personenbezogener-daten-erhalt-cv","status":"publish","type":"page","link":"https:\/\/aiedbz.it\/de\/informationsschreiben-zur-verarbeitung-personenbezogener-daten-erhalt-cv\/","title":{"rendered":"Informationsschreiben zur Verarbeitung personenbezogener Daten &#8211; Erhalt CV"},"content":{"rendered":"[vc_row type=&#8220;in_container&#8220; full_screen_row_position=&#8220;middle&#8220; column_margin=&#8220;default&#8220; column_direction=&#8220;default&#8220; column_direction_tablet=&#8220;default&#8220; column_direction_phone=&#8220;default&#8220; scene_position=&#8220;center&#8220; top_padding=&#8220;5%&#8220; text_color=&#8220;dark&#8220; text_align=&#8220;left&#8220; row_border_radius=&#8220;none&#8220; row_border_radius_applies=&#8220;bg&#8220; overflow=&#8220;visible&#8220; advanced_gradient_angle=&#8220;0&#8243; overlay_strength=&#8220;0.3&#8243; gradient_direction=&#8220;left_to_right&#8220; shape_divider_position=&#8220;bottom&#8220; bg_image_animation=&#8220;none&#8220; gradient_type=&#8220;default&#8220; shape_type=&#8220;&#8220;][vc_column column_padding=&#8220;no-extra-padding&#8220; column_padding_tablet=&#8220;inherit&#8220; column_padding_phone=&#8220;inherit&#8220; column_padding_position=&#8220;all&#8220; column_element_spacing=&#8220;default&#8220; background_color_opacity=&#8220;1&#8243; background_hover_color_opacity=&#8220;1&#8243; column_shadow=&#8220;none&#8220; column_border_radius=&#8220;none&#8220; column_link_target=&#8220;_self&#8220; column_position=&#8220;default&#8220; gradient_direction=&#8220;left_to_right&#8220; overlay_strength=&#8220;0.3&#8243; width=&#8220;1\/1&#8243; tablet_width_inherit=&#8220;default&#8220; tablet_text_alignment=&#8220;default&#8220; phone_text_alignment=&#8220;default&#8220; animation_type=&#8220;default&#8220; bg_image_animation=&#8220;none&#8220; border_type=&#8220;simple&#8220; column_border_width=&#8220;none&#8220; column_border_style=&#8220;solid&#8220;][vc_column_text]\n<table style=\"height: 1666px;\" width=\"1241\">\n<tbody>\n<tr>\n<td colspan=\"2\" width=\"654\">Informationsschreiben zur Verarbeitung personenbezogener Daten &#8211; Erhalt CV<\/td>\n<\/tr>\n<tr>\n<td colspan=\"2\" width=\"654\">gem\u00e4\u00df den Rechtsvorschriften zum Schutz der personenbezogenen Daten<br \/>\nArt. 13 der EU-Verordnung 2016\/679, auch bekannt als DSGVO.<\/td>\n<\/tr>\n<tr>\n<td width=\"189\">Verantwortlicher f\u00fcr die Datenverarbeitung<\/td>\n<td width=\"465\"><span style=\"font-weight: 400;\">Verantwortlicher f\u00fcr die Datenverarbeitung, d.h. die Stelle, die \u00fcber den Zweck, die Modalit\u00e4ten und Sicherheit der personenbezogenen Daten entscheidet, ist die AIED Bozen A.P.S. Sektion Andreina Emeri, <\/span><span style=\"font-weight: 400;\">nachfolgend bezeichnet als AIED,\u00a0<\/span><span style=\"font-weight: 400;\">Steuernummer 00397080219, Italienallee 13\/m Bozen,\u00a0<\/span><span style=\"font-weight: 400;\">0471 979399, info@aiedbz.it consultorioaiedbz@pec.it<\/span><\/td>\n<\/tr>\n<tr>\n<td width=\"189\"><span style=\"font-weight: 400;\">Datenschutzbeauftragter (DSB)<\/span><\/td>\n<td width=\"465\"><span style=\"font-weight: 400;\">Der Datenschutzbeauftragte (DSB) \u00fcberwacht die Einhaltung der Rechtsvorschriften zum Schutz der personenbezogenen Daten, kooperiert mit der Datenschutzbeh\u00f6rde und kann von jeder betroffenen Person im Zusammenhang mit der Datenverarbeitung durch den Verantwortlichen f\u00fcr die Datenverarbeitung oder im Zusammenhang mit seinen\/ihren Rechten kontaktiert werden. AIED hat den DSB bestellt, der unter aiedbz@dpo.bz.it kontaktiert werden kann.<\/span><\/td>\n<\/tr>\n<tr>\n<td width=\"189\"><span style=\"font-weight: 400;\">Zwecke der Datenverarbeitung<\/span><\/td>\n<td width=\"465\"><span style=\"font-weight: 400;\">Die von Ihnen bei der Bewerbung \u00fcbermittelten Daten werden f\u00fcr die Bewertung Ihres Berufsprofils zur Begr\u00fcndung eines allf\u00e4lligen Arbeitsverh\u00e4ltnisses oder einer freiberuflichen Zusammenarbeit verarbeitet.<\/span><\/td>\n<\/tr>\n<tr>\n<td width=\"189\"><span style=\"font-weight: 400;\">Personenbezogene Daten, die verarbeitet werden <\/span><\/td>\n<td width=\"465\"><span style=\"font-weight: 400;\">Nach \u00dcbermittlung Ihrer Bewerbung werden wir folgende Identifikationsdaten erheben und <\/span><b>verarbeiten<\/b><span style=\"font-weight: 400;\">: Vor- und Nachname, Anschrift, Geburtsort und -datum, Steuernummer, E-Mail, Telefonnummer, Studientitel und berufliche Qualifikationen, Informationen zum beruflichen Werdegang, Foto, Motivationsschreiben oder Anschreiben.\u00a0<\/span><\/p>\n<p><span style=\"font-weight: 400;\">F\u00fcr die Personalsuche und -auswahl ben\u00f6tigt der Verantwortliche keine sensiblen Daten, die Aufschluss \u00fcber politische Meinungen, religi\u00f6se oder weltanschauliche \u00dcberzeugungen, Gewerkschaftszugeh\u00f6rigkeit oder Gesundheitsdaten geben. Wir ersuchen Sie, diese Daten nicht im Lebenslauf anzugeben. Widrigenfalls\u00a0<\/span><span style=\"font-weight: 400;\">ist es unerl\u00e4sslich, dass Sie ausdr\u00fccklich Ihre Einwilligung erteilen, indem Sie am Ende des Lebenslaufs den folgenden Hinweis einf\u00fcgen: &#8222;Nach Kenntnisnahme der auf der Website verf\u00fcgbaren Informationen erm\u00e4chtige ich AIED ausdr\u00fccklich, die in meinem Lebenslauf\/meiner Bewerbung\/meinem Bewerbungsschreiben enthaltenen sensiblen personenbezogenen Daten zu verarbeiten, damit der Verantwortliche meine Bewerbung bewerten kann&#8220;. In Ermangelung dieser Einwilligung kann die Bewerbung nicht bewertet werden.<\/span><\/td>\n<\/tr>\n<tr>\n<td width=\"189\"><span style=\"font-weight: 400;\">Rechtsgrundlage<\/span><\/td>\n<td width=\"465\"><span style=\"font-weight: 400;\">Die Rechtsgrundlage f\u00fcr die Verarbeitung der Daten zu den oben genannten Zwecken ist die erforderliche Bewertung Ihrer Bewerbung und die allf\u00e4llige Begr\u00fcndung des Arbeitsverh\u00e4ltnisses, und somit die Durchf\u00fchrung vorvertraglicher Ma\u00dfnahmen gem\u00e4\u00df Art. 6.1 b) DSGVO. Die Rechtsgrundlage f\u00fcr die Verarbeitung sensibler personenbezogener Daten stellt Ihre Einwilligung gem\u00e4\u00df Art. 9.2 a) DSGVO dar.<\/span><\/td>\n<\/tr>\n<tr>\n<td width=\"189\"><span style=\"font-weight: 400;\">Empf\u00e4nger und Weitergabe der Daten<\/span><\/td>\n<td width=\"465\"><span style=\"font-weight: 400;\">Ihre Daten sind ausschlie\u00dflich dem Personal zug\u00e4nglich, das f\u00fcr die Personalauswahlverfahren zust\u00e4ndig ist.<\/span><\/td>\n<\/tr>\n<tr>\n<td width=\"189\"><span style=\"font-weight: 400;\">\u00dcbertragung in Nicht-EU-L\u00e4nder<\/span><\/td>\n<td width=\"465\"><span style=\"font-weight: 400;\">Die Datenverarbeitung erfolgt in der EU.<\/span><\/td>\n<\/tr>\n<tr>\n<td width=\"189\"><span style=\"font-weight: 400;\">Aufbewahrungszeitraum der Daten <\/span><\/td>\n<td width=\"465\"><span style=\"font-weight: 400;\">Die Daten werden f\u00fcr 1 Jahr nach dem Datum des Erhalts oder nach Beendigung des Auswahlverfahrens aufbewahrt. Wurden Sie nach Ablauf dieses Zeitraums nicht zu einem weiteren Vorstellungsgespr\u00e4ch eingeladen, werden wir die Daten l\u00f6schen. Bei Abschluss des Arbeitsvertrages werden Ihre Daten f\u00fcr die Zwecke der Abwicklung des Arbeitsverh\u00e4ltnisses aufbewahrt.<\/span><\/td>\n<\/tr>\n<tr>\n<td width=\"189\"><span style=\"font-weight: 400;\">Ihre Rechte<\/span><\/td>\n<td width=\"465\"><span style=\"font-weight: 400;\">Vorbehaltlich der gesetzlich vorgesehenen Beschr\u00e4nkungen k\u00f6nnen Sie folgende Rechte aus\u00fcben:<\/span><br \/>\n\u2022 <span style=\"font-weight: 400;\">Auskunftsrecht, ob die Sie betreffenden personenbezogenen Daten verarbeitet werden;<\/span><br \/>\n\u2022 <span style=\"font-weight: 400;\">Recht auf Erhalt einer Kopie der personenbezogenen Daten, die Sie uns \u00fcbermittelt haben;<\/span><br \/>\n\u2022 <span style=\"font-weight: 400;\">Recht auf die Berichtigung der Daten, \u00fcber die wir verf\u00fcgen;<\/span><br \/>\n\u2022 <span style=\"font-weight: 400;\">Recht auf L\u00f6schung Ihrer Daten,<\/span> <span style=\"font-weight: 400;\">f\u00fcr deren Verarbeitung wir keine rechtliche Grundvoraussetzung mehr h\u00e4tten;<\/span><br \/>\n\u2022 <span style=\"font-weight: 400;\">Recht auf Einschr\u00e4nkung der Verarbeitung bei Feststellung eines Widerspruchs;<\/span><br \/>\n\u2022 <span style=\"font-weight: 400;\">Recht auf \u00dcbertragbarkeit der von Ihnen angegebenen Daten in einem strukturierten, g\u00e4ngigen und maschinenlesbaren Format, samt dem Recht, diese Daten einem anderen Verantwortlichen ohne Behinderung zu \u00fcbermitteln.<\/span><\/td>\n<\/tr>\n<tr>\n<td width=\"189\"><span style=\"font-weight: 400;\">Aus\u00fcbungsweise Ihrer Rechte<\/span><\/td>\n<td width=\"465\"><span style=\"font-weight: 400;\">Zur Aus\u00fcbung der obigen Rechte kann eine Anfrage an die E-Mail-Adresse des Verantwortlichen curriculum@aiedbz.it \u00fcbermittelt werden oder der DSB unter aiedbz@dpo.bz.it kontaktiert werden.\u00a0<\/span><\/p>\n<p><span style=\"font-weight: 400;\">Der Verantwortliche oder der DSB kann die Rechtm\u00e4\u00dfigkeit Ihrer Anfrage nach \u00dcberpr\u00fcfung Ihrer Identit\u00e4t beurteilen. Um Ihnen eine umfassende Antwort geben zu k\u00f6nnen, geben Sie bitte die Art der Verarbeitung an, f\u00fcr welche Sie das Recht aus\u00fcben m\u00f6chten, und welches der angef\u00fchrten Rechte Sie aus\u00fcben m\u00f6chten. <\/span><span style=\"font-weight: 400;\">Die Aus\u00fcbung der genannten Rechte unterliegt den Beschr\u00e4nkungen durch die DSGVO. Der Verantwortliche wird die betroffene Person unverz\u00fcglich, sp\u00e4testens jedoch innerhalb von 30 Tagen nach Eingang der Anfrage, \u00fcber die getroffenen Ma\u00dfnahmen unterrichten. Diese Frist kann je nach Komplexit\u00e4t gegebenenfalls um weitere 60 Tage verl\u00e4ngert werden. Der Verantwortliche wird die betroffene Person innerhalb von 30 Tagen nach Erhalt der Anfrage \u00fcber die Verl\u00e4ngerung und die jeweiligen Gr\u00fcnde in Kenntnis setzen.<\/span><\/td>\n<\/tr>\n<tr>\n<td width=\"189\"><span style=\"font-weight: 400;\">Widerspruchsrecht<\/span><\/td>\n<td width=\"465\"><span style=\"font-weight: 400;\">Sollten Sie der Auffassung sein, dass die Verarbeitung gegen die Rechtsvorschriften verst\u00f6\u00dft, k\u00f6nnen Sie Widerspruch bei der Datenschutzbeh\u00f6rde einreichen.<\/span><\/td>\n<\/tr>\n<\/tbody>\n<\/table>\n[\/vc_column_text][\/vc_column][\/vc_row]\n","protected":false},"excerpt":{"rendered":"<p>[vc_row type=&#8220;in_container&#8220; full_screen_row_position=&#8220;middle&#8220; column_margin=&#8220;default&#8220; column_direction=&#8220;default&#8220; column_direction_tablet=&#8220;default&#8220; column_direction_phone=&#8220;default&#8220; scene_position=&#8220;center&#8220; top_padding=&#8220;5%&#8220; text_color=&#8220;dark&#8220; text_align=&#8220;left&#8220; row_border_radius=&#8220;none&#8220; row_border_radius_applies=&#8220;bg&#8220; overflow=&#8220;visible&#8220; advanced_gradient_angle=&#8220;0&#8243; overlay_strength=&#8220;0.3&#8243; gradient_direction=&#8220;left_to_right&#8220; shape_divider_position=&#8220;bottom&#8220; bg_image_animation=&#8220;none&#8220; gradient_type=&#8220;default&#8220; shape_type=&#8220;&#8220;][vc_column column_padding=&#8220;no-extra-padding&#8220; column_padding_tablet=&#8220;inherit&#8220; column_padding_phone=&#8220;inherit&#8220; column_padding_position=&#8220;all&#8220; column_element_spacing=&#8220;default&#8220; background_color_opacity=&#8220;1&#8243; background_hover_color_opacity=&#8220;1&#8243; column_shadow=&#8220;none&#8220; column_border_radius=&#8220;none&#8220;&#8230;<\/p>\n","protected":false},"author":1,"featured_media":0,"parent":0,"menu_order":0,"comment_status":"closed","ping_status":"closed","template":"","meta":{"footnotes":""},"class_list":["post-6687","page","type-page","status-publish"],"_links":{"self":[{"href":"https:\/\/aiedbz.it\/de\/wp-json\/wp\/v2\/pages\/6687","targetHints":{"allow":["GET"]}}],"collection":[{"href":"https:\/\/aiedbz.it\/de\/wp-json\/wp\/v2\/pages"}],"about":[{"href":"https:\/\/aiedbz.it\/de\/wp-json\/wp\/v2\/types\/page"}],"author":[{"embeddable":true,"href":"https:\/\/aiedbz.it\/de\/wp-json\/wp\/v2\/users\/1"}],"replies":[{"embeddable":true,"href":"https:\/\/aiedbz.it\/de\/wp-json\/wp\/v2\/comments?post=6687"}],"version-history":[{"count":0,"href":"https:\/\/aiedbz.it\/de\/wp-json\/wp\/v2\/pages\/6687\/revisions"}],"wp:attachment":[{"href":"https:\/\/aiedbz.it\/de\/wp-json\/wp\/v2\/media?parent=6687"}],"curies":[{"name":"wp","href":"https:\/\/api.w.org\/{rel}","templated":true}]}}